{"id":458,"date":"2024-07-01T05:17:51","date_gmt":"2024-07-01T05:17:51","guid":{"rendered":"https:\/\/traicaytopvip.com.vn\/?post_type=product&#038;p=458"},"modified":"2024-07-01T05:18:51","modified_gmt":"2024-07-01T05:18:51","slug":"buoi-da-xanh","status":"publish","type":"product","link":"https:\/\/hgfruits.vn\/?product=buoi-da-xanh","title":{"rendered":"B\u01af\u1edeI DA XANH"},"content":{"rendered":"<p><img fetchpriority=\"high\" decoding=\"async\" class=\"alignnone wp-image-142 aligncenter\" src=\"https:\/\/hgfruits.vn\/wp-content\/uploads\/2024\/06\/gio-1-284x300.png\" alt=\"\" width=\"402\" height=\"425\" srcset=\"https:\/\/hgfruits.vn\/wp-content\/uploads\/2024\/06\/gio-1-284x300.png 284w, https:\/\/hgfruits.vn\/wp-content\/uploads\/2024\/06\/gio-1-510x538.png 510w, https:\/\/hgfruits.vn\/wp-content\/uploads\/2024\/06\/gio-1-970x1024.png 970w, https:\/\/hgfruits.vn\/wp-content\/uploads\/2024\/06\/gio-1-768x811.png 768w, https:\/\/hgfruits.vn\/wp-content\/uploads\/2024\/06\/gio-1.png 1294w\" sizes=\"(max-width: 402px) 100vw, 402px\" \/><\/p>\n<ul>\n<li>T\u00ean ph\u1ed5 th\u00f4ng :\u00a0<strong>B\u01b0\u1edfi Da Xanh<\/strong><\/li>\n<li>T\u00ean khoa h\u1ecdc : Citrus Maxima<\/li>\n<li>H\u1ecd th\u1ef1c v\u1eadt : Rutaceae<\/li>\n<li>Ngu\u1ed3n g\u1ed1c xu\u1ea5t x\u1ee9 : B\u1ebfn Tre, Vi\u1ec7t Nam<\/li>\n<li>Ph\u00e2n b\u1ed5 \u1edf Vi\u1ec7t Nam : Hi\u1ec7n nay c\u00e2y B\u01b0\u1edfi Da Xanh \u0111ang \u0111\u01b0\u1ee3c ph\u00e1t tri\u1ec3n t\u1ea1i nhi\u1ec1u t\u1ec9nh ph\u00eda Nam, nh\u1ea5t l\u00e0 \u0110BSCL v\u00e0 mi\u1ec1n \u0110\u00f4ng Nam B\u1ed9.<br \/>\n<strong>\u00a0\u0110\u1eb7c \u0111i\u1ec3m h\u00ecnh th\u00e1i:<\/strong><\/p>\n<ul>\n<li>Th\u00e2n, t\u00e1n, l\u00e1: B\u01b0\u1edfi Da Xanh l\u00e0 lo\u00e0i c\u00e2y th\u00e2n g\u1ed7 cao trung b\u00ecnh kho\u1ea3ng 3\u20134 m \u1edf tu\u1ed5i tr\u01b0\u1edfng th\u00e0nh, v\u1ecf th\u00e2n c\u00f3 m\u00e0u v\u00e0ng nh\u1ea1t, \u1edf nh\u1eefng k\u1ebd n\u1ee9t c\u1ee7a th\u00e2n \u0111\u00f4i khi c\u00f3 ch\u1ea3y nh\u1ef1a. L\u00e1 c\u00f3 gan h\u00ecnh mang, l\u00e1 h\u00ecnh tr\u1ee9ng, d\u00e0i 11\u201312 cm, r\u1ed9ng 4,5-5,5 cm, cu\u1ed1ng c\u00f3 d\u00eca c\u00e1nh to.<\/li>\n<li>Hoa, qu\u1ea3, h\u1ea1t: Hoa thu\u1ed9c lo\u1ea1i hoa k\u00e9p, \u0111\u1ebfu, m\u1ecdc th\u00e0nh ch\u00f9m 6-10 b\u00f4ng. Tr\u00e1i B\u01b0\u1edfi Da Xanh c\u00f3 d\u1ea1ng h\u00ecnh c\u1ea7u, n\u1eb7ng trung b\u00ecnh t\u1eeb 1,2 -2.5 kg\/tr\u00e1i. Khi ch\u00edn, v\u1ecf tr\u00e1i c\u00f3 m\u00e0u xanh \u0111\u1ebfn xanh h\u01a1i v\u00e0ng, d\u1ec5 l\u1ed9t v\u00e0 kh\u00e1 m\u1ecfng ; t\u00e9p b\u01b0\u1edfi m\u00e0u h\u1ed3ng; n\u01b0\u1edbc qu\u1ea3 kh\u00e1, v\u1ecb ng\u1ecdt, kh\u00f4ng chua; m\u00f9i th\u01a1m.<\/li>\n<\/ul>\n<\/li>\n<\/ul>\n","protected":false},"excerpt":{"rendered":"<p>B\u01b0\u1edfi da xanh c\u1ee7a TOPVIP 989<\/p>\n","protected":false},"featured_media":157,"comment_status":"open","ping_status":"closed","template":"","meta":[],"product_cat":[45],"product_tag":[],"class_list":{"0":"post-458","1":"product","2":"type-product","3":"status-publish","4":"has-post-thumbnail","6":"product_cat-san-pham","8":"first","9":"instock","10":"sale","11":"shipping-taxable","12":"purchasable","13":"product-type-simple"},"jetpack_sharing_enabled":true,"_links":{"self":[{"href":"https:\/\/hgfruits.vn\/index.php?rest_route=\/wp\/v2\/product\/458","targetHints":{"allow":["GET"]}}],"collection":[{"href":"https:\/\/hgfruits.vn\/index.php?rest_route=\/wp\/v2\/product"}],"about":[{"href":"https:\/\/hgfruits.vn\/index.php?rest_route=\/wp\/v2\/types\/product"}],"replies":[{"embeddable":true,"href":"https:\/\/hgfruits.vn\/index.php?rest_route=%2Fwp%2Fv2%2Fcomments&post=458"}],"wp:featuredmedia":[{"embeddable":true,"href":"https:\/\/hgfruits.vn\/index.php?rest_route=\/wp\/v2\/media\/157"}],"wp:attachment":[{"href":"https:\/\/hgfruits.vn\/index.php?rest_route=%2Fwp%2Fv2%2Fmedia&parent=458"}],"wp:term":[{"taxonomy":"product_cat","embeddable":true,"href":"https:\/\/hgfruits.vn\/index.php?rest_route=%2Fwp%2Fv2%2Fproduct_cat&post=458"},{"taxonomy":"product_tag","embeddable":true,"href":"https:\/\/hgfruits.vn\/index.php?rest_route=%2Fwp%2Fv2%2Fproduct_tag&post=458"}],"curies":[{"name":"wp","href":"https:\/\/api.w.org\/{rel}","templated":true}]}}