{"id":466,"date":"2024-07-01T05:23:59","date_gmt":"2024-07-01T05:23:59","guid":{"rendered":"https:\/\/traicaytopvip.com.vn\/?post_type=product&#038;p=466"},"modified":"2024-07-01T05:36:40","modified_gmt":"2024-07-01T05:36:40","slug":"buoi-phuc-trach","status":"publish","type":"product","link":"https:\/\/hgfruits.vn\/?product=buoi-phuc-trach","title":{"rendered":"B\u01af\u1edeI PH\u00daC TR\u1ea0CH"},"content":{"rendered":"<p>B\u01b0\u1edfi Ph\u00fac Tr\u1ea1ch l\u00e0 m\u1ed9t trong nh\u1eefng \u0111\u1eb7c s\u1ea3n c\u1ee7a H\u00e0 T\u0129nh, \u0111\u00e3 c\u00f3 uy t\u00edn v\u00e0 danh ti\u1ebfng t\u1eeb l\u00e2u \u0111\u1eddi.<\/p>\n<p>\u0110\u00e2y l\u00e0 s\u1ea3n ph\u1ea9m \u0111\u1eb7c s\u1ea3n g\u1eafn li\u1ec1n v\u1edbi t\u00ean g\u1ecdi c\u1ee7a huy\u1ec7n H\u01b0\u01a1ng Kh\u00ea t\u1eeb tr\u01b0\u1edbc nh\u1eefng n\u0103m 1867, d\u01b0\u1edbi tri\u1ec1u vua T\u1ef1 \u0110\u1ee9c. Ch\u1eef \u201cH\u01b0\u01a1ng\u201d th\u1ec3 hi\u1ec7n nh\u1eefng \u0111\u1eb7c s\u1ea3n c\u1ee7a v\u00f9ng, trong \u0111\u00f3 c\u00f3 \u201ch\u01b0\u01a1ng v\u1ecb c\u1ee7a b\u01b0\u1edfi Ph\u00fac Tr\u1ea1ch\u201d (Nguy\u1ec5n B\u00e1 Th\u00e0nh, 2003).<\/p>\n<p>T\u00ean g\u1ecdi \u201cPh\u00fac Tr\u1ea1ch\u201d \u0111\u01b0\u1ee3c g\u1ecdi theo t\u00ean c\u1ee7a x\u00e3 Ph\u00fac Tr\u1ea1ch, huy\u1ec7n H\u01b0\u01a1ng Kh\u00ea n\u01a1i xu\u1ea5t x\u1ee9 c\u1ee7a gi\u1ed1ng b\u01b0\u1edfi n\u00e0y.<\/p>\n<p>qu\u1ea3 b\u01b0\u1edfi Ph\u00fac Tr\u1ea1ch c\u00f3 h\u00ecnh c\u1ea7u d\u1eb9t ho\u1eb7c h\u00ecnh tr\u00f2n, \u0111\u1ebf qu\u1ea3 h\u01a1i l\u00f5m, b\u1ec1 ngang v\u00e0 chi\u1ec1u cao g\u1ea7n b\u1eb1ng nhau, cu\u1ed1ng qu\u1ea3 kh\u00f4ng l\u1ed3i. V\u1ecf kh\u00f4ng tr\u01a1n kh\u00f4ng r\u00e1p, khi ch\u00edn v\u1ecf qu\u1ea3 c\u00f3 m\u00e0u v\u00e0ng chanh, t\u00fai tinh d\u1ea7u m\u1ecbn v\u00e0 th\u01b0a t\u1eeb 1,2 \u2013 2,0 mm.<\/p>\n<p>M\u1ed7i qu\u1ea3 c\u00f3 tr\u1ecdng l\u01b0\u1ee3ng t\u1eeb 7 l\u1ea1ng \u0111\u1ebfn 1,5kg, b\u00ean trong ch\u1ee9a kho\u1ea3ng 14 \u2013 16 m\u00fai.<\/p>\n<p>C\u00f9i c\u00f3 m\u00e0u ph\u1edbt h\u1ed3ng, r\u1ea5t dai v\u00e0 r\u1ea5t d\u1ec5 b\u00f3c t\u00e1ch. V\u00e1ch m\u00fai qu\u1ea3 gi\u00f2n, k\u00edch th\u01b0\u1edbc c\u00e1c m\u00fai \u0111\u1ec1u nhau, l\u01b0ng c\u00e1c m\u00fai k\u1ebft v\u1edbi nhau t\u1ea1o n\u00ean m\u1eb7t c\u1ea7u r\u1ea5t ph\u1eb3ng. T\u00e9p m\u00fai c\u00f3 m\u00e0u h\u1ed3ng ho\u1eb7c tr\u1eafng trong,\u00a0m\u1ee9c \u0111\u1ed9 \u0111\u1eadm nh\u1ea1t c\u1ee7a t\u00e9p m\u00fai\u00a0c\u00f3 s\u1ef1 thay \u0111\u1ed5i t\u1eeb h\u1ed3ng \u0111\u1ebfn ph\u1edbt h\u1ed3ng, h\u00ecnh t\u00e9p th\u1eb3ng su\u00f4n \u0111\u1ec1u,\u00a0t\u00e9p r\u00e1o v\u00e0 gi\u00f2n.<\/p>\n<p>C\u00f3 nhi\u1ec1u h\u1ea1t ch\u1eafc, 50 \u2013 80 h\u1ea1t\/qu\u1ea3.T\u1ef7 l\u1ec7 ph\u1ea7n \u0103n \u0111\u01b0\u1ee3c 45,8 \u2013 61,5% so v\u1edbi tr\u1ecdng l\u01b0\u1ee3ng qu\u1ea3, h\u00e0m l\u01b0\u1ee3ng d\u1ecbch qu\u1ea3 63 -80% so v\u1edbi ph\u1ea7n \u0103n \u0111\u01b0\u1ee3c.\u00a0\u0110\u1ed9 Brix dao \u0111\u1ed9ng t\u1eeb 10,01 \u2013 11,8%.<\/p>\n<p>B\u01b0\u1edfi Ph\u00fac Tr\u1ea1ch c\u00f3 v\u1ecb ng\u1ecdt thanh xen l\u1eabn chua nh\u1eb9, t\u1ea1o ra v\u1ecb \u201cgi\u00f4n gi\u1ed1t\u201d th\u00edch h\u1ee3p v\u1edbi kh\u1ea9u v\u1ecb c\u1ee7a nhi\u1ec1u ng\u01b0\u1eddi ti\u00eau d\u00f9ng. \u0110\u1eb7c bi\u1ec7t b\u01b0\u1edfi Ph\u00fac Tr\u1ea1ch kh\u00f4ng \u0111\u1eafng, the r\u1ea5t nh\u1eb9. V\u1ecb the nh\u1eb9 l\u00e0 y\u1ebfu t\u1ed1 quan tr\u1ecdng trong h\u01b0\u01a1ng v\u1ecb c\u1ee7a b\u01b0\u1edfi Ph\u00fac Tr\u1ea1ch, n\u00f3 kh\u00f4ng \u0111\u1ee7 \u0111\u1ec3 l\u00e0m cho ng\u01b0\u1eddi \u0103n c\u1ea3m gi\u00e1c the m\u00e0 ch\u1ec9 \u0111\u1ee7 \u0111\u1ec3 l\u00e0m t\u0103ng th\u00eam \u0111\u1ed9 \u0111\u1eadm \u0111\u00e0 v\u00e0 l\u01b0u gi\u1eef v\u1ecb ng\u1ecdt l\u00e2u h\u01a1n sau khi \u0103n.<\/p>\n","protected":false},"excerpt":{"rendered":"<p>B\u01b0\u1edfi Ph\u00fac Tr\u1ea1ch c\u1ee7a TOPVIP 989<\/p>\n","protected":false},"featured_media":430,"comment_status":"open","ping_status":"closed","template":"","meta":[],"product_cat":[45],"product_tag":[],"class_list":{"0":"post-466","1":"product","2":"type-product","3":"status-publish","4":"has-post-thumbnail","6":"product_cat-san-pham","8":"first","9":"instock","10":"shipping-taxable","11":"purchasable","12":"product-type-simple"},"jetpack_sharing_enabled":true,"_links":{"self":[{"href":"https:\/\/hgfruits.vn\/index.php?rest_route=\/wp\/v2\/product\/466","targetHints":{"allow":["GET"]}}],"collection":[{"href":"https:\/\/hgfruits.vn\/index.php?rest_route=\/wp\/v2\/product"}],"about":[{"href":"https:\/\/hgfruits.vn\/index.php?rest_route=\/wp\/v2\/types\/product"}],"replies":[{"embeddable":true,"href":"https:\/\/hgfruits.vn\/index.php?rest_route=%2Fwp%2Fv2%2Fcomments&post=466"}],"wp:featuredmedia":[{"embeddable":true,"href":"https:\/\/hgfruits.vn\/index.php?rest_route=\/wp\/v2\/media\/430"}],"wp:attachment":[{"href":"https:\/\/hgfruits.vn\/index.php?rest_route=%2Fwp%2Fv2%2Fmedia&parent=466"}],"wp:term":[{"taxonomy":"product_cat","embeddable":true,"href":"https:\/\/hgfruits.vn\/index.php?rest_route=%2Fwp%2Fv2%2Fproduct_cat&post=466"},{"taxonomy":"product_tag","embeddable":true,"href":"https:\/\/hgfruits.vn\/index.php?rest_route=%2Fwp%2Fv2%2Fproduct_tag&post=466"}],"curies":[{"name":"wp","href":"https:\/\/api.w.org\/{rel}","templated":true}]}}